{"id":35,"date":"2025-07-25T21:21:39","date_gmt":"2025-07-25T21:21:39","guid":{"rendered":"https:\/\/reikihermetico.es\/blog\/front_page\/"},"modified":"2025-10-02T19:49:55","modified_gmt":"2025-10-02T19:49:55","slug":"front_page","status":"publish","type":"page","link":"https:\/\/reikihermetico.es\/blog\/","title":{"rendered":"Inicio"},"content":{"rendered":"\n\n\n\n<p class=\"wp-block-tag-cloud style-6K2OTNBgK-widget-box style-local--widget-box wp-block-kubio-core-tag-cloud__widget-box\"><a href=\"https:\/\/reikihermetico.es\/blog\/tag\/armonizacion-de-chakras\/\" class=\"tag-cloud-link tag-link-14 tag-link-position-1\" style=\"font-size: 8pt;\" aria-label=\"armonizaci\u00f3n de chakras (1 elemento)\">armonizaci\u00f3n de chakras<\/a>\n<a href=\"https:\/\/reikihermetico.es\/blog\/tag\/auto-tratamiento-reiki\/\" class=\"tag-cloud-link tag-link-18 tag-link-position-2\" style=\"font-size: 8pt;\" aria-label=\"auto-tratamiento reiki (1 elemento)\">auto-tratamiento reiki<\/a>\n<a href=\"https:\/\/reikihermetico.es\/blog\/tag\/autocuidado\/\" class=\"tag-cloud-link tag-link-15 tag-link-position-3\" style=\"font-size: 8pt;\" aria-label=\"autocuidado (1 elemento)\">autocuidado<\/a>\n<a href=\"https:\/\/reikihermetico.es\/blog\/tag\/bienestar-holistico\/\" class=\"tag-cloud-link tag-link-19 tag-link-position-4\" style=\"font-size: 16.75pt;\" aria-label=\"bienestar hol\u00edstico (3 elementos)\">bienestar hol\u00edstico<\/a>\n<a href=\"https:\/\/reikihermetico.es\/blog\/tag\/campo-vibracional\/\" class=\"tag-cloud-link tag-link-59 tag-link-position-5\" style=\"font-size: 8pt;\" aria-label=\"campo vibracional (1 elemento)\">campo vibracional<\/a>\n<a href=\"https:\/\/reikihermetico.es\/blog\/tag\/chakras\/\" class=\"tag-cloud-link tag-link-6 tag-link-position-6\" style=\"font-size: 13.25pt;\" aria-label=\"chakras (2 elementos)\">chakras<\/a>\n<a href=\"https:\/\/reikihermetico.es\/blog\/tag\/consciencia-energetica\/\" class=\"tag-cloud-link tag-link-50 tag-link-position-7\" style=\"font-size: 13.25pt;\" aria-label=\"consciencia energ\u00e9tica (2 elementos)\">consciencia energ\u00e9tica<\/a>\n<a href=\"https:\/\/reikihermetico.es\/blog\/tag\/crecimiento-espiritual\/\" class=\"tag-cloud-link tag-link-42 tag-link-position-8\" style=\"font-size: 8pt;\" aria-label=\"crecimiento espiritual (1 elemento)\">crecimiento espiritual<\/a>\n<a href=\"https:\/\/reikihermetico.es\/blog\/tag\/crecimiento-personal\/\" class=\"tag-cloud-link tag-link-13 tag-link-position-9\" style=\"font-size: 8pt;\" aria-label=\"crecimiento personal (1 elemento)\">crecimiento personal<\/a>\n<a href=\"https:\/\/reikihermetico.es\/blog\/tag\/como-elevar-la-vibracion\/\" class=\"tag-cloud-link tag-link-46 tag-link-position-10\" style=\"font-size: 8pt;\" aria-label=\"c\u00f3mo elevar la vibraci\u00f3n (1 elemento)\">c\u00f3mo elevar la vibraci\u00f3n<\/a>\n<a href=\"https:\/\/reikihermetico.es\/blog\/tag\/desbloqueo-energetico\/\" class=\"tag-cloud-link tag-link-10 tag-link-position-11\" style=\"font-size: 8pt;\" aria-label=\"desbloqueo energ\u00e9tico (1 elemento)\">desbloqueo energ\u00e9tico<\/a>\n<a href=\"https:\/\/reikihermetico.es\/blog\/tag\/efecto-diapason\/\" class=\"tag-cloud-link tag-link-38 tag-link-position-12\" style=\"font-size: 8pt;\" aria-label=\"efecto diapas\u00f3n (1 elemento)\">efecto diapas\u00f3n<\/a>\n<a href=\"https:\/\/reikihermetico.es\/blog\/tag\/efecto-diapason-en-reiki\/\" class=\"tag-cloud-link tag-link-45 tag-link-position-13\" style=\"font-size: 8pt;\" aria-label=\"efecto diapas\u00f3n en Reiki (1 elemento)\">efecto diapas\u00f3n en Reiki<\/a>\n<a href=\"https:\/\/reikihermetico.es\/blog\/tag\/energia-de-vida\/\" class=\"tag-cloud-link tag-link-55 tag-link-position-14\" style=\"font-size: 8pt;\" aria-label=\"energ\u00eda de vida (1 elemento)\">energ\u00eda de vida<\/a>\n<a href=\"https:\/\/reikihermetico.es\/blog\/tag\/energia-sutil\/\" class=\"tag-cloud-link tag-link-43 tag-link-position-15\" style=\"font-size: 16.75pt;\" aria-label=\"energ\u00eda sutil (3 elementos)\">energ\u00eda sutil<\/a>\n<a href=\"https:\/\/reikihermetico.es\/blog\/tag\/energia-universal\/\" class=\"tag-cloud-link tag-link-12 tag-link-position-16\" style=\"font-size: 16.75pt;\" aria-label=\"energ\u00eda universal (3 elementos)\">energ\u00eda universal<\/a>\n<a href=\"https:\/\/reikihermetico.es\/blog\/tag\/energia-y-emociones\/\" class=\"tag-cloud-link tag-link-40 tag-link-position-17\" style=\"font-size: 13.25pt;\" aria-label=\"energ\u00eda y emociones (2 elementos)\">energ\u00eda y emociones<\/a>\n<a href=\"https:\/\/reikihermetico.es\/blog\/tag\/equilibrio-emocional\/\" class=\"tag-cloud-link tag-link-17 tag-link-position-18\" style=\"font-size: 8pt;\" aria-label=\"equilibrio emocional (1 elemento)\">equilibrio emocional<\/a>\n<a href=\"https:\/\/reikihermetico.es\/blog\/tag\/espiritualidad\/\" class=\"tag-cloud-link tag-link-60 tag-link-position-19\" style=\"font-size: 8pt;\" aria-label=\"espiritualidad (1 elemento)\">espiritualidad<\/a>\n<a href=\"https:\/\/reikihermetico.es\/blog\/tag\/flujo-de-la-vida\/\" class=\"tag-cloud-link tag-link-21 tag-link-position-20\" style=\"font-size: 8pt;\" aria-label=\"flujo de la vida (1 elemento)\">flujo de la vida<\/a>\n<a href=\"https:\/\/reikihermetico.es\/blog\/tag\/frecuencia-vibratoria\/\" class=\"tag-cloud-link tag-link-44 tag-link-position-21\" style=\"font-size: 19.666666666667pt;\" aria-label=\"frecuencia vibratoria (4 elementos)\">frecuencia vibratoria<\/a>\n<a href=\"https:\/\/reikihermetico.es\/blog\/tag\/intuicion\/\" class=\"tag-cloud-link tag-link-16 tag-link-position-22\" style=\"font-size: 8pt;\" aria-label=\"intuici\u00f3n (1 elemento)\">intuici\u00f3n<\/a>\n<a href=\"https:\/\/reikihermetico.es\/blog\/tag\/luz-y-sombra-espiritual\/\" class=\"tag-cloud-link tag-link-49 tag-link-position-23\" style=\"font-size: 8pt;\" aria-label=\"luz y sombra espiritual (1 elemento)\">luz y sombra espiritual<\/a>\n<a href=\"https:\/\/reikihermetico.es\/blog\/tag\/mapas-de-pendulo\/\" class=\"tag-cloud-link tag-link-66 tag-link-position-24\" style=\"font-size: 8pt;\" aria-label=\"mapas de p\u00e9ndulo (1 elemento)\">mapas de p\u00e9ndulo<\/a>\n<a href=\"https:\/\/reikihermetico.es\/blog\/tag\/proceso-de-purificacion\/\" class=\"tag-cloud-link tag-link-20 tag-link-position-25\" style=\"font-size: 8pt;\" aria-label=\"proceso de purificaci\u00f3n (1 elemento)\">proceso de purificaci\u00f3n<\/a>\n<a href=\"https:\/\/reikihermetico.es\/blog\/tag\/pendulo\/\" class=\"tag-cloud-link tag-link-64 tag-link-position-26\" style=\"font-size: 8pt;\" aria-label=\"p\u00e9ndulo (1 elemento)\">p\u00e9ndulo<\/a>\n<a href=\"https:\/\/reikihermetico.es\/blog\/tag\/radiestesia\/\" class=\"tag-cloud-link tag-link-65 tag-link-position-27\" style=\"font-size: 8pt;\" aria-label=\"radiestesia (1 elemento)\">radiestesia<\/a>\n<a href=\"https:\/\/reikihermetico.es\/blog\/tag\/reiki\/\" class=\"tag-cloud-link tag-link-7 tag-link-position-28\" style=\"font-size: 22pt;\" aria-label=\"reiki (5 elementos)\">reiki<\/a>\n<a href=\"https:\/\/reikihermetico.es\/blog\/tag\/reiki-a-distancia\/\" class=\"tag-cloud-link tag-link-56 tag-link-position-29\" style=\"font-size: 8pt;\" aria-label=\"Reiki a distancia (1 elemento)\">Reiki a distancia<\/a>\n<a href=\"https:\/\/reikihermetico.es\/blog\/tag\/reiki-frio\/\" class=\"tag-cloud-link tag-link-25 tag-link-position-30\" style=\"font-size: 8pt;\" aria-label=\"reiki fr\u00edo (1 elemento)\">reiki fr\u00edo<\/a>\n<a href=\"https:\/\/reikihermetico.es\/blog\/tag\/reiki-japones\/\" class=\"tag-cloud-link tag-link-29 tag-link-position-31\" style=\"font-size: 8pt;\" aria-label=\"reiki japon\u00e9s (1 elemento)\">reiki japon\u00e9s<\/a>\n<a href=\"https:\/\/reikihermetico.es\/blog\/tag\/reiki-mas-alla-del-metodo\/\" class=\"tag-cloud-link tag-link-57 tag-link-position-32\" style=\"font-size: 8pt;\" aria-label=\"Reiki m\u00e1s all\u00e1 del m\u00e9todo (1 elemento)\">Reiki m\u00e1s all\u00e1 del m\u00e9todo<\/a>\n<a href=\"https:\/\/reikihermetico.es\/blog\/tag\/reiki-usui\/\" class=\"tag-cloud-link tag-link-54 tag-link-position-33\" style=\"font-size: 8pt;\" aria-label=\"Reiki Usui (1 elemento)\">Reiki Usui<\/a>\n<a href=\"https:\/\/reikihermetico.es\/blog\/tag\/resonancia-energetica\/\" class=\"tag-cloud-link tag-link-41 tag-link-position-34\" style=\"font-size: 8pt;\" aria-label=\"resonancia energ\u00e9tica (1 elemento)\">resonancia energ\u00e9tica<\/a>\n<a href=\"https:\/\/reikihermetico.es\/blog\/tag\/resonancia-energetica-y-sanacion\/\" class=\"tag-cloud-link tag-link-51 tag-link-position-35\" style=\"font-size: 8pt;\" aria-label=\"resonancia energ\u00e9tica y sanaci\u00f3n (1 elemento)\">resonancia energ\u00e9tica y sanaci\u00f3n<\/a>\n<a href=\"https:\/\/reikihermetico.es\/blog\/tag\/sanacion-energetica\/\" class=\"tag-cloud-link tag-link-11 tag-link-position-36\" style=\"font-size: 22pt;\" aria-label=\"sanaci\u00f3n energ\u00e9tica (5 elementos)\">sanaci\u00f3n energ\u00e9tica<\/a>\n<a href=\"https:\/\/reikihermetico.es\/blog\/tag\/sanacion-espiritual\/\" class=\"tag-cloud-link tag-link-58 tag-link-position-37\" style=\"font-size: 8pt;\" aria-label=\"sanaci\u00f3n espiritual (1 elemento)\">sanaci\u00f3n espiritual<\/a>\n<a href=\"https:\/\/reikihermetico.es\/blog\/tag\/sintonizacion-reiki\/\" class=\"tag-cloud-link tag-link-5 tag-link-position-38\" style=\"font-size: 8pt;\" aria-label=\"sintonizaci\u00f3n reiki (1 elemento)\">sintonizaci\u00f3n reiki<\/a>\n<a href=\"https:\/\/reikihermetico.es\/blog\/tag\/terapia-complementaria\/\" class=\"tag-cloud-link tag-link-30 tag-link-position-39\" style=\"font-size: 8pt;\" aria-label=\"terapia complementaria (1 elemento)\">terapia complementaria<\/a>\n<a href=\"https:\/\/reikihermetico.es\/blog\/tag\/transformacion-interior\/\" class=\"tag-cloud-link tag-link-9 tag-link-position-40\" style=\"font-size: 8pt;\" aria-label=\"transformaci\u00f3n interior (1 elemento)\">transformaci\u00f3n interior<\/a>\n<a href=\"https:\/\/reikihermetico.es\/blog\/tag\/tutorial\/\" class=\"tag-cloud-link tag-link-67 tag-link-position-41\" style=\"font-size: 8pt;\" aria-label=\"tutorial (1 elemento)\">tutorial<\/a>\n<a href=\"https:\/\/reikihermetico.es\/blog\/tag\/vibracion-energetica\/\" class=\"tag-cloud-link tag-link-53 tag-link-position-42\" style=\"font-size: 8pt;\" aria-label=\"vibraci\u00f3n energ\u00e9tica (1 elemento)\">vibraci\u00f3n energ\u00e9tica<\/a>\n<a href=\"https:\/\/reikihermetico.es\/blog\/tag\/vibracion-espiritual\/\" class=\"tag-cloud-link tag-link-39 tag-link-position-43\" style=\"font-size: 8pt;\" aria-label=\"vibraci\u00f3n espiritual (1 elemento)\">vibraci\u00f3n espiritual<\/a>\n<a href=\"https:\/\/reikihermetico.es\/blog\/tag\/vibracion-negativa\/\" class=\"tag-cloud-link tag-link-47 tag-link-position-44\" style=\"font-size: 8pt;\" aria-label=\"vibraci\u00f3n negativa (1 elemento)\">vibraci\u00f3n negativa<\/a>\n<a href=\"https:\/\/reikihermetico.es\/blog\/tag\/vibracion-positiva\/\" class=\"tag-cloud-link tag-link-48 tag-link-position-45\" style=\"font-size: 8pt;\" aria-label=\"vibraci\u00f3n positiva (1 elemento)\">vibraci\u00f3n positiva<\/a><\/p>\n\n","protected":false},"excerpt":{"rendered":"","protected":false},"author":1,"featured_media":0,"parent":0,"menu_order":0,"comment_status":"closed","ping_status":"closed","template":"","meta":{"saved_in_kubio":true,"footnotes":""},"class_list":["post-35","page","type-page","status-publish","hentry"],"kubio_ai_page_context":{"short_desc":"","purpose":"general","isFrontPage":true},"_links":{"self":[{"href":"https:\/\/reikihermetico.es\/blog\/wp-json\/wp\/v2\/pages\/35","targetHints":{"allow":["GET"]}}],"collection":[{"href":"https:\/\/reikihermetico.es\/blog\/wp-json\/wp\/v2\/pages"}],"about":[{"href":"https:\/\/reikihermetico.es\/blog\/wp-json\/wp\/v2\/types\/page"}],"author":[{"embeddable":true,"href":"https:\/\/reikihermetico.es\/blog\/wp-json\/wp\/v2\/users\/1"}],"replies":[{"embeddable":true,"href":"https:\/\/reikihermetico.es\/blog\/wp-json\/wp\/v2\/comments?post=35"}],"version-history":[{"count":12,"href":"https:\/\/reikihermetico.es\/blog\/wp-json\/wp\/v2\/pages\/35\/revisions"}],"predecessor-version":[{"id":186,"href":"https:\/\/reikihermetico.es\/blog\/wp-json\/wp\/v2\/pages\/35\/revisions\/186"}],"wp:attachment":[{"href":"https:\/\/reikihermetico.es\/blog\/wp-json\/wp\/v2\/media?parent=35"}],"curies":[{"name":"wp","href":"https:\/\/api.w.org\/{rel}","templated":true}]}}